{"id":292,"date":"2019-05-03T06:51:42","date_gmt":"2019-05-03T06:51:42","guid":{"rendered":"http:\/\/www.annette-weber-allendorf.com\/?page_id=292"},"modified":"2024-03-11T12:39:37","modified_gmt":"2024-03-11T12:39:37","slug":"froschkoenig-majolika","status":"publish","type":"page","link":"https:\/\/annette-weber-allendorf.com\/?page_id=292","title":{"rendered":"Steinzeugen Ingelheim 1989"},"content":{"rendered":"\t\t<div data-elementor-type=\"wp-page\" data-elementor-id=\"292\" class=\"elementor elementor-292\">\n\t\t\t\t<div class=\"elementor-element elementor-element-6770575 e-flex e-con-boxed e-con e-parent\" data-id=\"6770575\" data-element_type=\"container\" data-e-type=\"container\">\n\t\t\t\t\t<div class=\"e-con-inner\">\n\t\t\t\t<div class=\"elementor-element elementor-element-eac1285 elementor-widget__width-initial elementor-widget elementor-widget-image\" data-id=\"eac1285\" data-element_type=\"widget\" data-e-type=\"widget\" data-widget_type=\"image.default\">\n\t\t\t\t\t\t\t\t\t\t\t\t\t\t\t<img fetchpriority=\"high\" decoding=\"async\" width=\"196\" height=\"438\" src=\"https:\/\/annette-weber-allendorf.com\/wp-content\/uploads\/2024\/03\/Steinzeugin-1.jpg\" class=\"attachment-full size-full wp-image-4131\" alt=\"\" srcset=\"https:\/\/annette-weber-allendorf.com\/wp-content\/uploads\/2024\/03\/Steinzeugin-1.jpg 196w, https:\/\/annette-weber-allendorf.com\/wp-content\/uploads\/2024\/03\/Steinzeugin-1-134x300.jpg 134w\" sizes=\"(max-width: 196px) 100vw, 196px\" \/>\t\t\t\t\t\t\t\t\t\t\t\t\t\t\t<\/div>\n\t\t\t\t<div class=\"elementor-element elementor-element-a7047f5 elementor-widget__width-initial elementor-widget-mobile__width-initial elementor-widget elementor-widget-text-editor\" data-id=\"a7047f5\" data-element_type=\"widget\" data-e-type=\"widget\" data-widget_type=\"text-editor.default\">\n\t\t\t\t\t\t\t\t\t<p><strong>Steinzeuge I<\/strong><br \/>G\u00e4stehaus der Landesregierung<br \/>Rheinland-PfalzMaterial: Gebrannter Ton (Steinzeug), aus Holzrinde herausgearbeitet, Ascheglasur, Stahl Konzipiert als &#8222;Zeuge&#8220; vergangener Kulturen, bezieht sich die \u00fcberlebensgro\u00dfe Figur auf etruskische bzw. mesopotamische Keramikskulpturen. Die archaischen Figuren der Fr\u00fchzeit, oft weibliche, wurden in gro\u00dfen Erd\u00f6fen gebrannt. Die Skulptur Steinzeuge war im Rahmen der arthouse- Ausstellung Ingelheim 1991 Teil der Marktplatzgestaltung in Ingelheim. 1992 mit der Ausstellung Kunst aus Mainz in 6 europ\u00e4ischen St\u00e4dten auf tour, fand sie im Jahr 2000 im Garten des G\u00e4stehauses ihren endg\u00fcltigen Platz.<\/p>\t\t\t\t\t\t\t\t<\/div>\n\t\t\t\t<div class=\"elementor-element elementor-element-ab7df90 elementor-widget__width-initial elementor-widget elementor-widget-image\" data-id=\"ab7df90\" data-element_type=\"widget\" data-e-type=\"widget\" data-widget_type=\"image.default\">\n\t\t\t\t\t\t\t\t\t\t\t\t\t\t\t<img decoding=\"async\" width=\"160\" height=\"300\" src=\"https:\/\/annette-weber-allendorf.com\/wp-content\/uploads\/2019\/05\/Steinzeuge-2-160x300.jpg\" class=\"attachment-medium size-medium wp-image-315\" alt=\"\" srcset=\"https:\/\/annette-weber-allendorf.com\/wp-content\/uploads\/2019\/05\/Steinzeuge-2-160x300.jpg 160w, https:\/\/annette-weber-allendorf.com\/wp-content\/uploads\/2019\/05\/Steinzeuge-2.jpg 266w\" sizes=\"(max-width: 160px) 100vw, 160px\" \/>\t\t\t\t\t\t\t\t\t\t\t\t\t\t\t<\/div>\n\t\t\t\t<div class=\"elementor-element elementor-element-f2e9390 elementor-widget__width-initial elementor-widget-mobile__width-initial elementor-widget elementor-widget-text-editor\" data-id=\"f2e9390\" data-element_type=\"widget\" data-e-type=\"widget\" data-widget_type=\"text-editor.default\">\n\t\t\t\t\t\t\t\t\t<p><strong>Stein-Zeuge II, 1990<\/strong><br \/>Terrakotta, Beton, Stahl, H\u00f6he 2,30m, im Privatbesitz<\/p>\t\t\t\t\t\t\t\t<\/div>\n\t\t\t\t<div class=\"elementor-element elementor-element-6876b0b elementor-widget__width-initial elementor-widget elementor-widget-image\" data-id=\"6876b0b\" data-element_type=\"widget\" data-e-type=\"widget\" data-widget_type=\"image.default\">\n\t\t\t\t\t\t\t\t\t\t\t\t\t\t\t<img decoding=\"async\" width=\"200\" height=\"300\" src=\"https:\/\/annette-weber-allendorf.com\/wp-content\/uploads\/2019\/05\/IMG_6741-200x300.jpg\" class=\"attachment-medium size-medium wp-image-311\" alt=\"\" srcset=\"https:\/\/annette-weber-allendorf.com\/wp-content\/uploads\/2019\/05\/IMG_6741-200x300.jpg 200w, https:\/\/annette-weber-allendorf.com\/wp-content\/uploads\/2019\/05\/IMG_6741-768x1152.jpg 768w, https:\/\/annette-weber-allendorf.com\/wp-content\/uploads\/2019\/05\/IMG_6741-683x1024.jpg 683w, https:\/\/annette-weber-allendorf.com\/wp-content\/uploads\/2019\/05\/IMG_6741-960x1440.jpg 960w\" sizes=\"(max-width: 200px) 100vw, 200px\" \/>\t\t\t\t\t\t\t\t\t\t\t\t\t\t\t<\/div>\n\t\t\t\t<div class=\"elementor-element elementor-element-42f2250 elementor-widget__width-initial elementor-widget-mobile__width-initial elementor-widget elementor-widget-text-editor\" data-id=\"42f2250\" data-element_type=\"widget\" data-e-type=\"widget\" data-widget_type=\"text-editor.default\">\n\t\t\t\t\t\t\t\t\t<p><strong>Stein-Zeuge III, 1990<\/strong><br \/>Steinzeug, Beton, Stahl, H\u00f6he 2,30m, im Privatbesitz<\/p>\t\t\t\t\t\t\t\t<\/div>\n\t\t\t\t<div class=\"elementor-element elementor-element-d5fce81 elementor-widget__width-initial elementor-widget elementor-widget-image\" data-id=\"d5fce81\" data-element_type=\"widget\" data-e-type=\"widget\" data-widget_type=\"image.default\">\n\t\t\t\t\t\t\t\t\t\t\t\t\t\t\t<img loading=\"lazy\" decoding=\"async\" width=\"215\" height=\"300\" src=\"https:\/\/annette-weber-allendorf.com\/wp-content\/uploads\/2019\/05\/Steinzeuge-4-215x300.jpg\" class=\"attachment-medium size-medium wp-image-333\" alt=\"\" srcset=\"https:\/\/annette-weber-allendorf.com\/wp-content\/uploads\/2019\/05\/Steinzeuge-4-215x300.jpg 215w, https:\/\/annette-weber-allendorf.com\/wp-content\/uploads\/2019\/05\/Steinzeuge-4.jpg 254w\" sizes=\"(max-width: 215px) 100vw, 215px\" \/>\t\t\t\t\t\t\t\t\t\t\t\t\t\t\t<\/div>\n\t\t\t\t<div class=\"elementor-element elementor-element-2bc5f32 elementor-widget__width-initial elementor-widget-mobile__width-initial elementor-widget elementor-widget-text-editor\" data-id=\"2bc5f32\" data-element_type=\"widget\" data-e-type=\"widget\" data-widget_type=\"text-editor.default\">\n\t\t\t\t\t\t\t\t\t<p data-elementor-setting-key=\"title\" data-pen-placeholder=\"Eingabe hier...\"><strong>Stein-Zeuge V, 1991<\/strong><br \/>KeramikH\u00f6he 2,30 m Ausstellung arthouse, Marktplatz vor dem alten Rathaus in Ingelheim<\/p>\t\t\t\t\t\t\t\t<\/div>\n\t\t\t\t\t<\/div>\n\t\t\t\t<\/div>\n\t\t\t\t<\/div>\n\t\t","protected":false},"excerpt":{"rendered":"<p>Steinzeuge IG\u00e4stehaus der LandesregierungRheinland-PfalzMaterial: Gebrannter Ton (Steinzeug), aus Holzrinde herausgearbeitet, Ascheglasur, Stahl Konzipiert als &#8222;Zeuge&#8220; vergangener Kulturen, bezieht sich die \u00fcberlebensgro\u00dfe Figur auf etruskische bzw. mesopotamische Keramikskulpturen. Die archaischen Figuren der Fr\u00fchzeit, oft weibliche, wurden in gro\u00dfen Erd\u00f6fen gebrannt. Die Skulptur Steinzeuge war im Rahmen der arthouse- Ausstellung Ingelheim 1991 Teil der Marktplatzgestaltung in Ingelheim. [&hellip;]<\/p>\n","protected":false},"author":1,"featured_media":0,"parent":24,"menu_order":0,"comment_status":"closed","ping_status":"closed","template":"","meta":{"ocean_post_layout":"","ocean_both_sidebars_style":"","ocean_both_sidebars_content_width":0,"ocean_both_sidebars_sidebars_width":0,"ocean_sidebar":"","ocean_second_sidebar":"","ocean_disable_margins":"enable","ocean_add_body_class":"","ocean_shortcode_before_top_bar":"","ocean_shortcode_after_top_bar":"","ocean_shortcode_before_header":"","ocean_shortcode_after_header":"","ocean_has_shortcode":"","ocean_shortcode_after_title":"","ocean_shortcode_before_footer_widgets":"","ocean_shortcode_after_footer_widgets":"","ocean_shortcode_before_footer_bottom":"","ocean_shortcode_after_footer_bottom":"","ocean_display_top_bar":"default","ocean_display_header":"default","ocean_header_style":"","ocean_center_header_left_menu":"","ocean_custom_header_template":"","ocean_custom_logo":0,"ocean_custom_retina_logo":0,"ocean_custom_logo_max_width":0,"ocean_custom_logo_tablet_max_width":0,"ocean_custom_logo_mobile_max_width":0,"ocean_custom_logo_max_height":0,"ocean_custom_logo_tablet_max_height":0,"ocean_custom_logo_mobile_max_height":0,"ocean_header_custom_menu":"","ocean_menu_typo_font_family":"","ocean_menu_typo_font_subset":"","ocean_menu_typo_font_size":0,"ocean_menu_typo_font_size_tablet":0,"ocean_menu_typo_font_size_mobile":0,"ocean_menu_typo_font_size_unit":"px","ocean_menu_typo_font_weight":"","ocean_menu_typo_font_weight_tablet":"","ocean_menu_typo_font_weight_mobile":"","ocean_menu_typo_transform":"","ocean_menu_typo_transform_tablet":"","ocean_menu_typo_transform_mobile":"","ocean_menu_typo_line_height":0,"ocean_menu_typo_line_height_tablet":0,"ocean_menu_typo_line_height_mobile":0,"ocean_menu_typo_line_height_unit":"","ocean_menu_typo_spacing":0,"ocean_menu_typo_spacing_tablet":0,"ocean_menu_typo_spacing_mobile":0,"ocean_menu_typo_spacing_unit":"","ocean_menu_link_color":"","ocean_menu_link_color_hover":"","ocean_menu_link_color_active":"","ocean_menu_link_background":"","ocean_menu_link_hover_background":"","ocean_menu_link_active_background":"","ocean_menu_social_links_bg":"","ocean_menu_social_hover_links_bg":"","ocean_menu_social_links_color":"","ocean_menu_social_hover_links_color":"","ocean_disable_title":"default","ocean_disable_heading":"default","ocean_post_title":"","ocean_post_subheading":"","ocean_post_title_style":"","ocean_post_title_background_color":"","ocean_post_title_background":0,"ocean_post_title_bg_image_position":"","ocean_post_title_bg_image_attachment":"","ocean_post_title_bg_image_repeat":"","ocean_post_title_bg_image_size":"","ocean_post_title_height":0,"ocean_post_title_bg_overlay":0.5,"ocean_post_title_bg_overlay_color":"","ocean_disable_breadcrumbs":"default","ocean_breadcrumbs_color":"","ocean_breadcrumbs_separator_color":"","ocean_breadcrumbs_links_color":"","ocean_breadcrumbs_links_hover_color":"","ocean_display_footer_widgets":"default","ocean_display_footer_bottom":"default","ocean_custom_footer_template":"","omw_enable_modal_window":"enable","footnotes":""},"class_list":["post-292","page","type-page","status-publish","hentry","entry"],"_links":{"self":[{"href":"https:\/\/annette-weber-allendorf.com\/index.php?rest_route=\/wp\/v2\/pages\/292","targetHints":{"allow":["GET"]}}],"collection":[{"href":"https:\/\/annette-weber-allendorf.com\/index.php?rest_route=\/wp\/v2\/pages"}],"about":[{"href":"https:\/\/annette-weber-allendorf.com\/index.php?rest_route=\/wp\/v2\/types\/page"}],"author":[{"embeddable":true,"href":"https:\/\/annette-weber-allendorf.com\/index.php?rest_route=\/wp\/v2\/users\/1"}],"replies":[{"embeddable":true,"href":"https:\/\/annette-weber-allendorf.com\/index.php?rest_route=%2Fwp%2Fv2%2Fcomments&post=292"}],"version-history":[{"count":79,"href":"https:\/\/annette-weber-allendorf.com\/index.php?rest_route=\/wp\/v2\/pages\/292\/revisions"}],"predecessor-version":[{"id":4134,"href":"https:\/\/annette-weber-allendorf.com\/index.php?rest_route=\/wp\/v2\/pages\/292\/revisions\/4134"}],"up":[{"embeddable":true,"href":"https:\/\/annette-weber-allendorf.com\/index.php?rest_route=\/wp\/v2\/pages\/24"}],"wp:attachment":[{"href":"https:\/\/annette-weber-allendorf.com\/index.php?rest_route=%2Fwp%2Fv2%2Fmedia&parent=292"}],"curies":[{"name":"wp","href":"https:\/\/api.w.org\/{rel}","templated":true}]}}