{"id":417,"date":"2019-05-03T09:41:40","date_gmt":"2019-05-03T09:41:40","guid":{"rendered":"http:\/\/www.annette-weber-allendorf.com\/?page_id=417"},"modified":"2024-03-11T12:51:04","modified_gmt":"2024-03-11T12:51:04","slug":"kunst-im-baudenkmal-bindhofensemble-metzingen-neuhausen","status":"publish","type":"page","link":"https:\/\/annette-weber-allendorf.com\/?page_id=417","title":{"rendered":"Bindhofensemble Metzingen"},"content":{"rendered":"\t\t<div data-elementor-type=\"wp-page\" data-elementor-id=\"417\" class=\"elementor elementor-417\">\n\t\t\t\t\t\t<section class=\"elementor-section elementor-top-section elementor-element elementor-element-6fdc00e3 elementor-section-boxed elementor-section-height-default elementor-section-height-default\" data-id=\"6fdc00e3\" data-element_type=\"section\" data-e-type=\"section\">\n\t\t\t\t\t\t<div class=\"elementor-container elementor-column-gap-default\">\n\t\t\t\t\t<div class=\"elementor-column elementor-col-100 elementor-top-column elementor-element elementor-element-6e0d0174\" data-id=\"6e0d0174\" data-element_type=\"column\" data-e-type=\"column\">\n\t\t\t<div class=\"elementor-widget-wrap elementor-element-populated\">\n\t\t\t\t\t\t<div class=\"elementor-element elementor-element-19ea4038 elementor-widget elementor-widget-text-editor\" data-id=\"19ea4038\" data-element_type=\"widget\" data-e-type=\"widget\" data-widget_type=\"text-editor.default\">\n\t\t\t\t\t\t\t\t\t<p><\/p>\n<ul class=\"wp-block-gallery columns-3 is-cropped wp-block-gallery-2 is-layout-flex wp-block-gallery-is-layout-flex\">\n<li class=\"blocks-gallery-item\">\n<h4><img fetchpriority=\"high\" decoding=\"async\" width=\"566\" height=\"607\" class=\"wp-image-418\" src=\"http:\/\/www.annette-weber-allendorf.com\/wp-content\/uploads\/2019\/05\/schnitt_o-Bindhof.jpg\" alt=\"\" data-id=\"418\" data-link=\"http:\/\/www.annette-weber-allendorf.com\/?attachment_id=418\" srcset=\"https:\/\/annette-weber-allendorf.com\/wp-content\/uploads\/2019\/05\/schnitt_o-Bindhof.jpg 566w, https:\/\/annette-weber-allendorf.com\/wp-content\/uploads\/2019\/05\/schnitt_o-Bindhof-280x300.jpg 280w\" sizes=\"(max-width: 566px) 100vw, 566px\" \/><img decoding=\"async\" class=\"wp-image-419\" src=\"http:\/\/www.annette-weber-allendorf.com\/wp-content\/uploads\/2019\/05\/modell01-Bindhof.jpg\" alt=\"\" data-id=\"419\" data-link=\"http:\/\/www.annette-weber-allendorf.com\/?attachment_id=419\" \/><\/h4>\n<\/li>\n<li class=\"blocks-gallery-item\">\n<figure><img decoding=\"async\" width=\"200\" height=\"127\" class=\"wp-image-421\" src=\"http:\/\/www.annette-weber-allendorf.com\/wp-content\/uploads\/2019\/05\/modell02-Bindhof.jpg\" alt=\"\" data-id=\"421\" data-link=\"http:\/\/www.annette-weber-allendorf.com\/?attachment_id=421\" \/><\/figure>\n<\/li>\n<li class=\"blocks-gallery-item\">\n<figure><img decoding=\"async\" width=\"200\" height=\"127\" class=\"wp-image-422\" src=\"http:\/\/www.annette-weber-allendorf.com\/wp-content\/uploads\/2019\/05\/modell04-Bindhof.jpg\" alt=\"\" data-id=\"422\" data-link=\"http:\/\/www.annette-weber-allendorf.com\/?attachment_id=422\" \/><\/figure>\n<\/li>\n<li class=\"blocks-gallery-item\">\n<figure><img loading=\"lazy\" decoding=\"async\" width=\"200\" height=\"127\" class=\"wp-image-423\" src=\"http:\/\/www.annette-weber-allendorf.com\/wp-content\/uploads\/2019\/05\/modell08-Bindhof.jpg\" alt=\"\" data-id=\"423\" data-link=\"http:\/\/www.annette-weber-allendorf.com\/?attachment_id=423\" \/><\/figure>\n<\/li>\n<li class=\"blocks-gallery-item\">\n<figure><img loading=\"lazy\" decoding=\"async\" width=\"203\" height=\"302\" class=\"wp-image-425\" src=\"http:\/\/www.annette-weber-allendorf.com\/wp-content\/uploads\/2019\/05\/platten-Bindhof.jpg\" alt=\"\" data-id=\"425\" data-link=\"http:\/\/www.annette-weber-allendorf.com\/?attachment_id=425\" srcset=\"https:\/\/annette-weber-allendorf.com\/wp-content\/uploads\/2019\/05\/platten-Bindhof.jpg 203w, https:\/\/annette-weber-allendorf.com\/wp-content\/uploads\/2019\/05\/platten-Bindhof-202x300.jpg 202w\" sizes=\"(max-width: 203px) 100vw, 203px\" \/><\/figure>\n<\/li>\n<\/ul>\n<p><\/p>\n<p><\/p>\n<p><\/p>\t\t\t\t\t\t\t\t<\/div>\n\t\t\t\t<div class=\"elementor-element elementor-element-de004a0 elementor-widget elementor-widget-text-editor\" data-id=\"de004a0\" data-element_type=\"widget\" data-e-type=\"widget\" data-widget_type=\"text-editor.default\">\n\t\t\t\t\t\t\t\t\t<p>BINDHOF\/ Die Geschichte wird erforscht<br>Kunst zum Besitzen<br>Im Zuge der Restaurierung des Bindhofs soll nun die 480-j\u00e4hrige Geschichte des Geb\u00e4udes erforscht werden. Die Kulturwissenschaftlerin Christine Reiher wird in allen m\u00f6glichen Archiven arbeiten. Dies erfuhr der Ortschaftsrat am Dienstag vor Ort. Zeugnisse der Geschichte sollen auch im sp\u00e4teren Dorfgemeinschftshaus zu sehen sein.<br>PETER SWOBODA NEUHAUSEN<br>Noch gut ein Jahr, dann soll das Dorfgemeinschaftshaus im Bindhof fertig sein. In dieser Phase l\u00e4sst es sich der Ortschaftsrat nicht nehmen, jede Sitzung vor Ort zu beginnen, um stets auf dem Laufenden zu sein. So auch am Dienstag, wo unter anderem die k\u00fcnftigen R\u00e4ume der B\u00fccherei besichtigt wurden. Anwesend war auch die Leiterin der Stadtb\u00fccherei, Hedwig Haiber-Althaus. Au\u00dferdem war zum ersten Mal eine wiedererrichtete Scheunenwand zu sehen, eine Stahlkonstruktion. Die Wand hat laut Architekt Albrecht Weber \u00fcber Jahrhunderte gefehlt, weshalb es berechtigt sei, sie als modernes Element zu erstellen. Der Bindhof hat eine 480-j\u00e4hrige Geschichte. Was es damit auf sich hat und was \u00fcber die Jahrhunderte mit und in dem Geb\u00e4ude geschehen ist, das soll jetzt erforscht werden. Der Aufgabe wird sich die Kulturwissenschaftlerin Christine Reiher stellen. Sie wird in alten Akten bl\u00e4ttern, im Neuh\u00e4user Ortsarchiv st\u00f6bern und im Kirchenarchiv nachforschen. Auch das Zwiefalter Klosterarchiv wird sie sichten und nach \u00dcberlieferungen, Bildern und Erz\u00e4hlungen suchen. .<br>Ihre Ergebnisse sollen dann nicht nur in eine Festschrift einflie\u00dfen, sondern auch im Bindhof selbst pr\u00e4sent sein. Und da kommt die Bildhauerin Annette Weber ins Spiel. Sie hat sich auf Keramikplatten spezialisiert. Auf solchen sollen Zeugnisse aus der Geschichte des Bindhofs bildhaft dargestellt werden. Dabei besteht allerdings nicht der Anspruch, jedes Dokument, das Christine Reiher ans Tageslicht bef\u00f6rdert, sichtbar zu machen. Die Keramikplatten sollen dann in zwei l\u00e4ngeren Sitzb\u00e4nken eingearbeitet werden: Kunst zum Besitzen.<br>Von dieser Idee waren die Ortschaftsr\u00e4te sehr angetan. Lediglich Klaus R\u00fcmmelin und Baub\u00fcrgermeister Walter Veit zeigten sich skeptisch. Sie s\u00e4hen die Platten lieber an einer Wand h\u00e4ngen. R\u00fcmmelin: &#8220; Ich tue mich schwer, Kunst zu benutzen.&#8220; Die K\u00fcnstlerin machte sich f\u00fcr ihre Idee stark: &#8222;Ich mache Kunst zum Draufsitzen, das ist gewollt, und diese Art ist weltweit einmalig.&#8220; Sie verwies darauf, dass ihre Keramikplatten sogar im Freien halten, auch, wenn Autos dr\u00fcberfahren. Mit einer Gegenstimme hat sich das Gremium schlie\u00dflich f\u00fcr die Idee des Besitzens ausgesprochen.<\/p>\n<p><!-- \/wp:paragraph --><\/p>\n<p><!-- wp:paragraph {\"textColor\":\"very-light-gray\"} --><\/p>\n<p><!-- \/wp:paragraph --><\/p>\n<p><!-- wp:paragraph --><\/p>\n<p><\/p>\t\t\t\t\t\t\t\t<\/div>\n\t\t\t\t\t<\/div>\n\t\t<\/div>\n\t\t\t\t\t<\/div>\n\t\t<\/section>\n\t\t\t\t<\/div>\n\t\t","protected":false},"excerpt":{"rendered":"<p>BINDHOF\/ Die Geschichte wird erforschtKunst zum BesitzenIm Zuge der Restaurierung des Bindhofs soll nun die 480-j\u00e4hrige Geschichte des Geb\u00e4udes erforscht werden. Die Kulturwissenschaftlerin Christine Reiher wird in allen m\u00f6glichen Archiven arbeiten. Dies erfuhr der Ortschaftsrat am Dienstag vor Ort. Zeugnisse der Geschichte sollen auch im sp\u00e4teren Dorfgemeinschftshaus zu sehen sein.PETER SWOBODA NEUHAUSENNoch gut ein Jahr, [&hellip;]<\/p>\n","protected":false},"author":1,"featured_media":0,"parent":22,"menu_order":0,"comment_status":"closed","ping_status":"closed","template":"","meta":{"ocean_post_layout":"","ocean_both_sidebars_style":"","ocean_both_sidebars_content_width":0,"ocean_both_sidebars_sidebars_width":0,"ocean_sidebar":"","ocean_second_sidebar":"","ocean_disable_margins":"enable","ocean_add_body_class":"","ocean_shortcode_before_top_bar":"","ocean_shortcode_after_top_bar":"","ocean_shortcode_before_header":"","ocean_shortcode_after_header":"","ocean_has_shortcode":"","ocean_shortcode_after_title":"","ocean_shortcode_before_footer_widgets":"","ocean_shortcode_after_footer_widgets":"","ocean_shortcode_before_footer_bottom":"","ocean_shortcode_after_footer_bottom":"","ocean_display_top_bar":"default","ocean_display_header":"default","ocean_header_style":"","ocean_center_header_left_menu":"","ocean_custom_header_template":"","ocean_custom_logo":0,"ocean_custom_retina_logo":0,"ocean_custom_logo_max_width":0,"ocean_custom_logo_tablet_max_width":0,"ocean_custom_logo_mobile_max_width":0,"ocean_custom_logo_max_height":0,"ocean_custom_logo_tablet_max_height":0,"ocean_custom_logo_mobile_max_height":0,"ocean_header_custom_menu":"","ocean_menu_typo_font_family":"","ocean_menu_typo_font_subset":"","ocean_menu_typo_font_size":0,"ocean_menu_typo_font_size_tablet":0,"ocean_menu_typo_font_size_mobile":0,"ocean_menu_typo_font_size_unit":"px","ocean_menu_typo_font_weight":"","ocean_menu_typo_font_weight_tablet":"","ocean_menu_typo_font_weight_mobile":"","ocean_menu_typo_transform":"","ocean_menu_typo_transform_tablet":"","ocean_menu_typo_transform_mobile":"","ocean_menu_typo_line_height":0,"ocean_menu_typo_line_height_tablet":0,"ocean_menu_typo_line_height_mobile":0,"ocean_menu_typo_line_height_unit":"","ocean_menu_typo_spacing":0,"ocean_menu_typo_spacing_tablet":0,"ocean_menu_typo_spacing_mobile":0,"ocean_menu_typo_spacing_unit":"","ocean_menu_link_color":"","ocean_menu_link_color_hover":"","ocean_menu_link_color_active":"","ocean_menu_link_background":"","ocean_menu_link_hover_background":"","ocean_menu_link_active_background":"","ocean_menu_social_links_bg":"","ocean_menu_social_hover_links_bg":"","ocean_menu_social_links_color":"","ocean_menu_social_hover_links_color":"","ocean_disable_title":"default","ocean_disable_heading":"default","ocean_post_title":"","ocean_post_subheading":"","ocean_post_title_style":"","ocean_post_title_background_color":"","ocean_post_title_background":0,"ocean_post_title_bg_image_position":"","ocean_post_title_bg_image_attachment":"","ocean_post_title_bg_image_repeat":"","ocean_post_title_bg_image_size":"","ocean_post_title_height":0,"ocean_post_title_bg_overlay":0.5,"ocean_post_title_bg_overlay_color":"","ocean_disable_breadcrumbs":"default","ocean_breadcrumbs_color":"","ocean_breadcrumbs_separator_color":"","ocean_breadcrumbs_links_color":"","ocean_breadcrumbs_links_hover_color":"","ocean_display_footer_widgets":"default","ocean_display_footer_bottom":"default","ocean_custom_footer_template":"","omw_enable_modal_window":"enable","footnotes":""},"class_list":["post-417","page","type-page","status-publish","hentry","entry"],"_links":{"self":[{"href":"https:\/\/annette-weber-allendorf.com\/index.php?rest_route=\/wp\/v2\/pages\/417","targetHints":{"allow":["GET"]}}],"collection":[{"href":"https:\/\/annette-weber-allendorf.com\/index.php?rest_route=\/wp\/v2\/pages"}],"about":[{"href":"https:\/\/annette-weber-allendorf.com\/index.php?rest_route=\/wp\/v2\/types\/page"}],"author":[{"embeddable":true,"href":"https:\/\/annette-weber-allendorf.com\/index.php?rest_route=\/wp\/v2\/users\/1"}],"replies":[{"embeddable":true,"href":"https:\/\/annette-weber-allendorf.com\/index.php?rest_route=%2Fwp%2Fv2%2Fcomments&post=417"}],"version-history":[{"count":24,"href":"https:\/\/annette-weber-allendorf.com\/index.php?rest_route=\/wp\/v2\/pages\/417\/revisions"}],"predecessor-version":[{"id":4142,"href":"https:\/\/annette-weber-allendorf.com\/index.php?rest_route=\/wp\/v2\/pages\/417\/revisions\/4142"}],"up":[{"embeddable":true,"href":"https:\/\/annette-weber-allendorf.com\/index.php?rest_route=\/wp\/v2\/pages\/22"}],"wp:attachment":[{"href":"https:\/\/annette-weber-allendorf.com\/index.php?rest_route=%2Fwp%2Fv2%2Fmedia&parent=417"}],"curies":[{"name":"wp","href":"https:\/\/api.w.org\/{rel}","templated":true}]}}