{"id":471,"date":"2019-05-03T11:52:02","date_gmt":"2019-05-03T11:52:02","guid":{"rendered":"http:\/\/www.annette-weber-allendorf.com\/?page_id=471"},"modified":"2022-09-19T09:27:38","modified_gmt":"2022-09-19T09:27:38","slug":"kreiskrankenhaus-bad-salzungen-1997","status":"publish","type":"page","link":"https:\/\/annette-weber-allendorf.com\/?page_id=471","title":{"rendered":"Krankenhaus Bad Salzungen, 1997"},"content":{"rendered":"\t\t<div data-elementor-type=\"wp-page\" data-elementor-id=\"471\" class=\"elementor elementor-471\">\n\t\t\t\t<div class=\"elementor-element elementor-element-018f632 e-flex e-con-boxed e-con e-parent\" data-id=\"018f632\" data-element_type=\"container\" data-e-type=\"container\">\n\t\t\t\t\t<div class=\"e-con-inner\">\n\t\t\t\t<div class=\"elementor-element elementor-element-9deb470 elementor-widget elementor-widget-image\" data-id=\"9deb470\" data-element_type=\"widget\" data-e-type=\"widget\" data-widget_type=\"image.default\">\n\t\t\t\t\t\t\t\t\t\t\t\t\t\t\t<img fetchpriority=\"high\" decoding=\"async\" width=\"402\" height=\"225\" src=\"https:\/\/annette-weber-allendorf.com\/wp-content\/uploads\/2019\/05\/modell-Krankenhaus.jpg\" class=\"attachment-large size-large wp-image-472\" alt=\"\" srcset=\"https:\/\/annette-weber-allendorf.com\/wp-content\/uploads\/2019\/05\/modell-Krankenhaus.jpg 402w, https:\/\/annette-weber-allendorf.com\/wp-content\/uploads\/2019\/05\/modell-Krankenhaus-300x168.jpg 300w\" sizes=\"(max-width: 402px) 100vw, 402px\" \/>\t\t\t\t\t\t\t\t\t\t\t\t\t\t\t<\/div>\n\t\t\t\t\t<\/div>\n\t\t\t\t<\/div>\n\t\t<div class=\"elementor-element elementor-element-90432f9 e-flex e-con-boxed e-con e-parent\" data-id=\"90432f9\" data-element_type=\"container\" data-e-type=\"container\">\n\t\t\t\t\t<div class=\"e-con-inner\">\n\t\t\t\t<div class=\"elementor-element elementor-element-6ecf5ad elementor-widget elementor-widget-text-editor\" data-id=\"6ecf5ad\" data-element_type=\"widget\" data-e-type=\"widget\" data-widget_type=\"text-editor.default\">\n\t\t\t\t\t\t\t\t\t<p>Gesundheit beginnt im Kopf<\/p><p>&#8222;In einem Krankenhaus haben wir mit dem h\u00f6chsten Recht des Menschen zu tun, n\u00e4mlich mit dem Recht zu leben.&#8220;<br \/>Ein Umdenken im Krankenhausbau findet statt. Gesellschaftspolitische Prozesse, \u00f6konomische und \u00f6kologische Erkenntnisse &#8211; der bewusste Umgang und Einsatz von Ressourcen &#8211; sowie ein verantwortungsvoller Umgang mit dem K\u00f6rper bestimmen die neuen Entw\u00fcrfe:<br \/>Das &#8222;Kranken&#8220;Haus als St\u00e4tte des Heilens &#8211; im Mittelpunkt der Mensch.<br \/>Die gr\u00f6\u00dftm\u00f6gliche Identifikation mit diesem Ort als zeitweises &#8222;Zuhause&#8220; beschleunigt den Heilungsprozess und motiviert die dort T\u00e4tigen. Beide Faktoren steigern die betriebliche Effizienz.<br \/>Je einfallsreicher Architekten und Ingenieure werden, umso einfacher wird es sein, Wege zu finden die Kosten zu reduzieren.<br \/>&#8222;Die falsche Sparsamkeit, die sich in gesenkten Baukosten oder dem beschneiden der Baukosten auf ein Minimum ausdr\u00fcckt, spiegelt sich direkt in zus\u00e4tzlichen Betriebskosten wider, was letztlich zu einer betr\u00e4chtlichen Steigerung der Gesamtkosten f\u00fchren kann.<br \/>Unsere modernen Krankenh\u00e4user sind \u00e4u\u00dferlich praktisch perfekt. Wir sind Meister darin, f\u00fcr den \u00e4u\u00dferen Komfort zu sorgen und den K\u00f6rper zu heilen, was wir so schnell wie m\u00f6glich tun sollen, da wir das Bett ben\u00f6tigen&#8230; Wenn wir den Patienten wirklich heilen wollen, m\u00fcssen wir die geistigen, seelischen und k\u00f6rperlichen Aspekte bei der Betreuung beachten.&#8220;<br \/>Fachliche Kompetenz, Kooperation, Effizienz, vor allem aber Menschlichkeit sollen Grundlage sein.<br \/>Unser Krankenhaus f\u00fcr Bad Salzungen ist durchs &#8222;bauen parallel zum Hang&#8220; optimal an das Gel\u00e4nde angepasst. Wir sparen Abgrabungen im Felsbereich (unter 2 m) und erreichen dadurch geringstm\u00f6gliche gr\u00fcndungskosten (gesamt\u00f6konomisches Konzept).<br \/>Der Ring ist markanter hochpunkt &#8222;auf dem H\u00fcgel&#8220;.<br \/>Wir w\u00fcnschen uns gr\u00f6\u00dftm\u00f6gliche Identifikation in dieser besonderen Landschaft mit gro\u00dfer Wirkung nach au\u00dfen (Aussicht) und hoher Qualit\u00e4t innen (Licht, Natur): eine landschaftsorientierte Architektur und keine unmenschliche Maschinerie. Von innen und au\u00dfen ablesbare Bereiche &#8211; Pflege, Behandlung, Psychiatrie. Erdgeschossigkeit mit dem Hang, attraktive gr\u00fcne Innenh\u00f6fe, nat\u00fcrlich belichtete Operations- und Behandlungsr\u00e4ume, ein klarer gro\u00dfz\u00fcgiger Versorgungshof.<br \/>Die Vorteile der flachen Bauweise sind die direkte Technikversorgung aller Behandlungsbereiche auf einer Ebene (kurze Wege) und gro\u00dfe Gr\u00fcnfl\u00e4chen (&#8222;Versorgungswiesen&#8220;). Die Notaufnahme mit ambulantem und station\u00e4rem Zugang ist mit k\u00fcrzesten wegen direkt auffindbar.<br \/>Das zentrale Eingangsforum hat hohe Aufenthaltsqualit\u00e4t (Cafeteria mit Aussenterrassen und Zugang zum See), ebenso der zentrale Innenhofbereich im 2.OG (Patientenhof) mit Kinderspiel, Ruhebereichen, Garten. Hier spielen heilungsf\u00f6rdernde Aspekte wie Sonne, Luft, Licht, Farben, Pflanzen, B\u00e4ume, olfaktorische Reize eine gro\u00dfe Rolle. Die Innenh\u00f6fe sind thematisch bepflanzt (Heilkr\u00e4uter-Apotheke, Duft und wohlriechende Pflanzen-Geburt, k\u00fcchenkr\u00e4uter-K\u00fcche, Yasmin, Clematis-Psychiatrie). Die Psychiatrie ist eigenst\u00e4ndig und dennoch integriert im Klinikbereich. Sie hat abgeschlossene, halboffene und offene Bereiche, die Tagesklinik einen zus\u00e4tzlichen externen Zugang vom Park. Die Form des &#8222;Wohnhauses&#8220; der Patienten wurde auch nach psychologischen Erkenntnissen konzipiert.<br \/>Durch Abgrabung und Aufsch\u00fcttung entsteht integriert in die umgebende Landschaft der See, zugleich Regenwasser Auffangbecken, L\u00f6schteich und Erholungsbereich.<br \/>&#8222;&#8230; Sag mir (da du so empf\u00e4nglich bist f\u00fcr die Wirkungen der Architektur), hast du nicht beobachtet, wenn du dich in dieser Stadt ergingst, dass unter den Bauwerken, die sie ausmachen, einige stumm sind; andere reden; und noch andere schlie\u00dflich, und das sind die seltensten, singen sogar?&#8220; Rilke nach Seneca<br \/>&#8222;neben unserer biologischen Konstitution und den psychischen Kr\u00e4ften und Schw\u00e4chen bei der Abwehr krankmachender Faktoren ist unser soziales Leben die dritte entscheidende Komponente der Gesundheit. Unsere Beziehungen zu anderen Menschen, die Gef\u00fchle des verbunden seins, der Einsamkeit oder Isolation h\u00e4ngen eng mit wohl und wehe von Psyche und K\u00f6rper zusammen.&#8220; Heiko Ernst<br \/>&#8222;der sich gegenw\u00e4rtig vollziehende Paradigmawechsel in der Medizin beinhaltet den Wandel von einem reduktionistisch-mechanistischen Bild des Lebens hin zu einer ganzheitlichen Anschauungsweise, welche auch die geistige und seelische Dimension, die Innenwelt sowie die Umwelt mit einbezieht.&#8220; M. Scheffer<\/p>\t\t\t\t\t\t\t\t<\/div>\n\t\t\t\t\t<\/div>\n\t\t\t\t<\/div>\n\t\t\t\t<\/div>\n\t\t","protected":false},"excerpt":{"rendered":"<p>Gesundheit beginnt im Kopf &#8222;In einem Krankenhaus haben wir mit dem h\u00f6chsten Recht des Menschen zu tun, n\u00e4mlich mit dem Recht zu leben.&#8220;Ein Umdenken im Krankenhausbau findet statt. Gesellschaftspolitische Prozesse, \u00f6konomische und \u00f6kologische Erkenntnisse &#8211; der bewusste Umgang und Einsatz von Ressourcen &#8211; sowie ein verantwortungsvoller Umgang mit dem K\u00f6rper bestimmen die neuen Entw\u00fcrfe:Das &#8222;Kranken&#8220;Haus [&hellip;]<\/p>\n","protected":false},"author":1,"featured_media":0,"parent":22,"menu_order":0,"comment_status":"closed","ping_status":"closed","template":"","meta":{"ocean_post_layout":"","ocean_both_sidebars_style":"","ocean_both_sidebars_content_width":0,"ocean_both_sidebars_sidebars_width":0,"ocean_sidebar":"","ocean_second_sidebar":"","ocean_disable_margins":"enable","ocean_add_body_class":"","ocean_shortcode_before_top_bar":"","ocean_shortcode_after_top_bar":"","ocean_shortcode_before_header":"","ocean_shortcode_after_header":"","ocean_has_shortcode":"","ocean_shortcode_after_title":"","ocean_shortcode_before_footer_widgets":"","ocean_shortcode_after_footer_widgets":"","ocean_shortcode_before_footer_bottom":"","ocean_shortcode_after_footer_bottom":"","ocean_display_top_bar":"default","ocean_display_header":"default","ocean_header_style":"","ocean_center_header_left_menu":"","ocean_custom_header_template":"","ocean_custom_logo":0,"ocean_custom_retina_logo":0,"ocean_custom_logo_max_width":0,"ocean_custom_logo_tablet_max_width":0,"ocean_custom_logo_mobile_max_width":0,"ocean_custom_logo_max_height":0,"ocean_custom_logo_tablet_max_height":0,"ocean_custom_logo_mobile_max_height":0,"ocean_header_custom_menu":"","ocean_menu_typo_font_family":"","ocean_menu_typo_font_subset":"","ocean_menu_typo_font_size":0,"ocean_menu_typo_font_size_tablet":0,"ocean_menu_typo_font_size_mobile":0,"ocean_menu_typo_font_size_unit":"px","ocean_menu_typo_font_weight":"","ocean_menu_typo_font_weight_tablet":"","ocean_menu_typo_font_weight_mobile":"","ocean_menu_typo_transform":"","ocean_menu_typo_transform_tablet":"","ocean_menu_typo_transform_mobile":"","ocean_menu_typo_line_height":0,"ocean_menu_typo_line_height_tablet":0,"ocean_menu_typo_line_height_mobile":0,"ocean_menu_typo_line_height_unit":"","ocean_menu_typo_spacing":0,"ocean_menu_typo_spacing_tablet":0,"ocean_menu_typo_spacing_mobile":0,"ocean_menu_typo_spacing_unit":"","ocean_menu_link_color":"","ocean_menu_link_color_hover":"","ocean_menu_link_color_active":"","ocean_menu_link_background":"","ocean_menu_link_hover_background":"","ocean_menu_link_active_background":"","ocean_menu_social_links_bg":"","ocean_menu_social_hover_links_bg":"","ocean_menu_social_links_color":"","ocean_menu_social_hover_links_color":"","ocean_disable_title":"default","ocean_disable_heading":"default","ocean_post_title":"","ocean_post_subheading":"","ocean_post_title_style":"","ocean_post_title_background_color":"","ocean_post_title_background":0,"ocean_post_title_bg_image_position":"","ocean_post_title_bg_image_attachment":"","ocean_post_title_bg_image_repeat":"","ocean_post_title_bg_image_size":"","ocean_post_title_height":0,"ocean_post_title_bg_overlay":0.5,"ocean_post_title_bg_overlay_color":"","ocean_disable_breadcrumbs":"default","ocean_breadcrumbs_color":"","ocean_breadcrumbs_separator_color":"","ocean_breadcrumbs_links_color":"","ocean_breadcrumbs_links_hover_color":"","ocean_display_footer_widgets":"default","ocean_display_footer_bottom":"default","ocean_custom_footer_template":"","omw_enable_modal_window":"enable","footnotes":""},"class_list":["post-471","page","type-page","status-publish","hentry","entry"],"_links":{"self":[{"href":"https:\/\/annette-weber-allendorf.com\/index.php?rest_route=\/wp\/v2\/pages\/471","targetHints":{"allow":["GET"]}}],"collection":[{"href":"https:\/\/annette-weber-allendorf.com\/index.php?rest_route=\/wp\/v2\/pages"}],"about":[{"href":"https:\/\/annette-weber-allendorf.com\/index.php?rest_route=\/wp\/v2\/types\/page"}],"author":[{"embeddable":true,"href":"https:\/\/annette-weber-allendorf.com\/index.php?rest_route=\/wp\/v2\/users\/1"}],"replies":[{"embeddable":true,"href":"https:\/\/annette-weber-allendorf.com\/index.php?rest_route=%2Fwp%2Fv2%2Fcomments&post=471"}],"version-history":[{"count":19,"href":"https:\/\/annette-weber-allendorf.com\/index.php?rest_route=\/wp\/v2\/pages\/471\/revisions"}],"predecessor-version":[{"id":3763,"href":"https:\/\/annette-weber-allendorf.com\/index.php?rest_route=\/wp\/v2\/pages\/471\/revisions\/3763"}],"up":[{"embeddable":true,"href":"https:\/\/annette-weber-allendorf.com\/index.php?rest_route=\/wp\/v2\/pages\/22"}],"wp:attachment":[{"href":"https:\/\/annette-weber-allendorf.com\/index.php?rest_route=%2Fwp%2Fv2%2Fmedia&parent=471"}],"curies":[{"name":"wp","href":"https:\/\/api.w.org\/{rel}","templated":true}]}}