{"id":489,"date":"2019-05-03T12:09:45","date_gmt":"2019-05-03T12:09:45","guid":{"rendered":"http:\/\/www.annette-weber-allendorf.com\/?page_id=489"},"modified":"2022-09-19T09:38:33","modified_gmt":"2022-09-19T09:38:33","slug":"budenheimer-schiffsbrunnen-mainz-1995-96","status":"publish","type":"page","link":"https:\/\/annette-weber-allendorf.com\/?page_id=489","title":{"rendered":"Schiffsbrunnen, Budenheim"},"content":{"rendered":"\t\t<div data-elementor-type=\"wp-page\" data-elementor-id=\"489\" class=\"elementor elementor-489\">\n\t\t\t\t\t\t<section class=\"elementor-section elementor-top-section elementor-element elementor-element-1475f0 elementor-section-boxed elementor-section-height-default elementor-section-height-default\" data-id=\"1475f0\" data-element_type=\"section\" data-e-type=\"section\">\n\t\t\t\t\t\t<div class=\"elementor-container elementor-column-gap-default\">\n\t\t\t\t\t<div class=\"elementor-column elementor-col-100 elementor-top-column elementor-element elementor-element-7249c172\" data-id=\"7249c172\" data-element_type=\"column\" data-e-type=\"column\">\n\t\t\t<div class=\"elementor-widget-wrap elementor-element-populated\">\n\t\t\t\t\t\t<div class=\"elementor-element elementor-element-27b19d7a elementor-widget elementor-widget-text-editor\" data-id=\"27b19d7a\" data-element_type=\"widget\" data-e-type=\"widget\" data-widget_type=\"text-editor.default\">\n\t\t\t\t\t\t\t\t\t<p><\/p>\n<figure class=\"wp-block-image\"><img fetchpriority=\"high\" decoding=\"async\" width=\"1024\" height=\"512\" class=\"wp-image-382\" src=\"http:\/\/www.annette-weber-allendorf.com\/wp-content\/uploads\/2019\/05\/Brunnen-1024x512.jpg\" alt=\"\" srcset=\"https:\/\/annette-weber-allendorf.com\/wp-content\/uploads\/2019\/05\/Brunnen-1024x512.jpg 1024w, https:\/\/annette-weber-allendorf.com\/wp-content\/uploads\/2019\/05\/Brunnen-300x150.jpg 300w, https:\/\/annette-weber-allendorf.com\/wp-content\/uploads\/2019\/05\/Brunnen-768x384.jpg 768w, https:\/\/annette-weber-allendorf.com\/wp-content\/uploads\/2019\/05\/Brunnen-960x480.jpg 960w\" sizes=\"(max-width: 1024px) 100vw, 1024px\" \/><\/figure>\n<p><\/p>\t\t\t\t\t\t\t\t<\/div>\n\t\t\t\t\t<\/div>\n\t\t<\/div>\n\t\t\t\t\t<\/div>\n\t\t<\/section>\n\t\t<div class=\"elementor-element elementor-element-f225ef4 e-flex e-con-boxed e-con e-parent\" data-id=\"f225ef4\" data-element_type=\"container\" data-e-type=\"container\">\n\t\t\t\t\t<div class=\"e-con-inner\">\n\t\t\t\t<div class=\"elementor-element elementor-element-9324b62 elementor-widget elementor-widget-text-editor\" data-id=\"9324b62\" data-element_type=\"widget\" data-e-type=\"widget\" data-widget_type=\"text-editor.default\">\n\t\t\t\t\t\t\t\t\t<p class=\"has-text-color has-very-light-gray-color\">Gru\u00dfwort zum Katalog &#8222;Budenheimer Schiffsbrunnen&#8220; von Dr.Rose G\u00f6tte Ministerin von Rheinland-Pfalz f\u00fcr Kultur, Jugend, Familie und Frauen im Juni 2000<\/p>\n<p><!-- \/wp:paragraph --><!-- wp:paragraph {\"textColor\":\"very-light-gray\"} --><\/p>\n<p class=\"has-text-color has-very-light-gray-color\">&#8222;Was kommt dabei heraus, wenn die Gemeinde die Renaturierung eines ehemaligen Bachlaufes, die Wohnungsbaugesellschaft hingegen eine Tiefgarage wollen? Ein Brunnen, gestaltet von Annette Weber, die die Idee Bachlauf aufgreift und in Form eines Schiffes umgesetzt hat. Historische Elemente, geometrische Formen und die &#8222;Bespielbarkeit&#8220; f\u00fcr Kinder vereinen sich in diesem Schiffsbrunnen, der Platz bietet und Treffpunkt ist f\u00fcr Jung und Alt.<\/p>\n<p><!-- \/wp:paragraph --><!-- wp:paragraph {\"textColor\":\"very-light-gray\"} --><\/p>\n<p class=\"has-text-color has-very-light-gray-color\">Annette Weber geh\u00f6rt zu den K\u00fcnstlerinnen, die sich neben dem traditionellen Material Keramik der M\u00f6glichkeiten der modernen Medien bedient. Allen ihren Arbeiten gemeinsam ist der Ereignischarakter, der sie umgibt, so auch beim Schiffsbrunnen, der sich am Abend in einem anderen Lichte zeigt als tags\u00fcber.<\/p>\n<p><!-- \/wp:paragraph --><!-- wp:paragraph {\"textColor\":\"very-light-gray\"} --><\/p>\n<p>\u00a0<\/p>\n<p class=\"has-text-color has-very-light-gray-color\">Der Brunnen von Annette Weber ist eine Bereicherung f\u00fcr die Kultur in Budenheim und wir d\u00fcrfen auf weitere Projekte gespannt sein.&#8220;<\/p>\t\t\t\t\t\t\t\t<\/div>\n\t\t\t\t\t<\/div>\n\t\t\t\t<\/div>\n\t\t\t\t<\/div>\n\t\t","protected":false},"excerpt":{"rendered":"<p>Gru\u00dfwort zum Katalog &#8222;Budenheimer Schiffsbrunnen&#8220; von Dr.Rose G\u00f6tte Ministerin von Rheinland-Pfalz f\u00fcr Kultur, Jugend, Familie und Frauen im Juni 2000 &#8222;Was kommt dabei heraus, wenn die Gemeinde die Renaturierung eines ehemaligen Bachlaufes, die Wohnungsbaugesellschaft hingegen eine Tiefgarage wollen? Ein Brunnen, gestaltet von Annette Weber, die die Idee Bachlauf aufgreift und in Form eines Schiffes umgesetzt [&hellip;]<\/p>\n","protected":false},"author":1,"featured_media":0,"parent":22,"menu_order":0,"comment_status":"closed","ping_status":"closed","template":"","meta":{"ocean_post_layout":"","ocean_both_sidebars_style":"","ocean_both_sidebars_content_width":0,"ocean_both_sidebars_sidebars_width":0,"ocean_sidebar":"","ocean_second_sidebar":"","ocean_disable_margins":"enable","ocean_add_body_class":"","ocean_shortcode_before_top_bar":"","ocean_shortcode_after_top_bar":"","ocean_shortcode_before_header":"","ocean_shortcode_after_header":"","ocean_has_shortcode":"","ocean_shortcode_after_title":"","ocean_shortcode_before_footer_widgets":"","ocean_shortcode_after_footer_widgets":"","ocean_shortcode_before_footer_bottom":"","ocean_shortcode_after_footer_bottom":"","ocean_display_top_bar":"default","ocean_display_header":"default","ocean_header_style":"","ocean_center_header_left_menu":"","ocean_custom_header_template":"","ocean_custom_logo":0,"ocean_custom_retina_logo":0,"ocean_custom_logo_max_width":0,"ocean_custom_logo_tablet_max_width":0,"ocean_custom_logo_mobile_max_width":0,"ocean_custom_logo_max_height":0,"ocean_custom_logo_tablet_max_height":0,"ocean_custom_logo_mobile_max_height":0,"ocean_header_custom_menu":"","ocean_menu_typo_font_family":"","ocean_menu_typo_font_subset":"","ocean_menu_typo_font_size":0,"ocean_menu_typo_font_size_tablet":0,"ocean_menu_typo_font_size_mobile":0,"ocean_menu_typo_font_size_unit":"px","ocean_menu_typo_font_weight":"","ocean_menu_typo_font_weight_tablet":"","ocean_menu_typo_font_weight_mobile":"","ocean_menu_typo_transform":"","ocean_menu_typo_transform_tablet":"","ocean_menu_typo_transform_mobile":"","ocean_menu_typo_line_height":0,"ocean_menu_typo_line_height_tablet":0,"ocean_menu_typo_line_height_mobile":0,"ocean_menu_typo_line_height_unit":"","ocean_menu_typo_spacing":0,"ocean_menu_typo_spacing_tablet":0,"ocean_menu_typo_spacing_mobile":0,"ocean_menu_typo_spacing_unit":"","ocean_menu_link_color":"","ocean_menu_link_color_hover":"","ocean_menu_link_color_active":"","ocean_menu_link_background":"","ocean_menu_link_hover_background":"","ocean_menu_link_active_background":"","ocean_menu_social_links_bg":"","ocean_menu_social_hover_links_bg":"","ocean_menu_social_links_color":"","ocean_menu_social_hover_links_color":"","ocean_disable_title":"default","ocean_disable_heading":"default","ocean_post_title":"","ocean_post_subheading":"","ocean_post_title_style":"","ocean_post_title_background_color":"","ocean_post_title_background":0,"ocean_post_title_bg_image_position":"","ocean_post_title_bg_image_attachment":"","ocean_post_title_bg_image_repeat":"","ocean_post_title_bg_image_size":"","ocean_post_title_height":0,"ocean_post_title_bg_overlay":0.5,"ocean_post_title_bg_overlay_color":"","ocean_disable_breadcrumbs":"default","ocean_breadcrumbs_color":"","ocean_breadcrumbs_separator_color":"","ocean_breadcrumbs_links_color":"","ocean_breadcrumbs_links_hover_color":"","ocean_display_footer_widgets":"default","ocean_display_footer_bottom":"default","ocean_custom_footer_template":"","omw_enable_modal_window":"enable","footnotes":""},"class_list":["post-489","page","type-page","status-publish","hentry","entry"],"_links":{"self":[{"href":"https:\/\/annette-weber-allendorf.com\/index.php?rest_route=\/wp\/v2\/pages\/489","targetHints":{"allow":["GET"]}}],"collection":[{"href":"https:\/\/annette-weber-allendorf.com\/index.php?rest_route=\/wp\/v2\/pages"}],"about":[{"href":"https:\/\/annette-weber-allendorf.com\/index.php?rest_route=\/wp\/v2\/types\/page"}],"author":[{"embeddable":true,"href":"https:\/\/annette-weber-allendorf.com\/index.php?rest_route=\/wp\/v2\/users\/1"}],"replies":[{"embeddable":true,"href":"https:\/\/annette-weber-allendorf.com\/index.php?rest_route=%2Fwp%2Fv2%2Fcomments&post=489"}],"version-history":[{"count":16,"href":"https:\/\/annette-weber-allendorf.com\/index.php?rest_route=\/wp\/v2\/pages\/489\/revisions"}],"predecessor-version":[{"id":3800,"href":"https:\/\/annette-weber-allendorf.com\/index.php?rest_route=\/wp\/v2\/pages\/489\/revisions\/3800"}],"up":[{"embeddable":true,"href":"https:\/\/annette-weber-allendorf.com\/index.php?rest_route=\/wp\/v2\/pages\/22"}],"wp:attachment":[{"href":"https:\/\/annette-weber-allendorf.com\/index.php?rest_route=%2Fwp%2Fv2%2Fmedia&parent=489"}],"curies":[{"name":"wp","href":"https:\/\/api.w.org\/{rel}","templated":true}]}}