{"id":672,"date":"2019-05-08T06:36:11","date_gmt":"2019-05-08T06:36:11","guid":{"rendered":"http:\/\/www.annette-weber-allendorf.com\/?page_id=672"},"modified":"2022-09-19T10:17:17","modified_gmt":"2022-09-19T10:17:17","slug":"froschsprung-buch-kunst-jaeger-2016","status":"publish","type":"page","link":"https:\/\/annette-weber-allendorf.com\/?page_id=672","title":{"rendered":"Froschsprung, Buch-Kunst J\u00e4ger, 2016"},"content":{"rendered":"\t\t<div data-elementor-type=\"wp-post\" data-elementor-id=\"672\" class=\"elementor elementor-672\">\n\t\t\t\t\t\t<section class=\"elementor-section elementor-top-section elementor-element elementor-element-670b5fb8 elementor-section-boxed elementor-section-height-default elementor-section-height-default\" data-id=\"670b5fb8\" data-element_type=\"section\" data-e-type=\"section\">\n\t\t\t\t\t\t<div class=\"elementor-container elementor-column-gap-default\">\n\t\t\t\t\t<div class=\"elementor-column elementor-col-100 elementor-top-column elementor-element elementor-element-3498e004\" data-id=\"3498e004\" data-element_type=\"column\" data-e-type=\"column\">\n\t\t\t<div class=\"elementor-widget-wrap elementor-element-populated\">\n\t\t\t\t\t\t<div class=\"elementor-element elementor-element-2a37362c elementor-widget elementor-widget-text-editor\" data-id=\"2a37362c\" data-element_type=\"widget\" data-e-type=\"widget\" data-widget_type=\"text-editor.default\">\n\t\t\t\t\t\t\t\t\t\n<ul class=\"wp-block-gallery columns-3 is-cropped wp-block-gallery-2 is-layout-flex wp-block-gallery-is-layout-flex\"><li class=\"blocks-gallery-item\"><figure><img fetchpriority=\"high\" decoding=\"async\" width=\"1024\" height=\"768\" src=\"http:\/\/www.annette-weber-allendorf.com\/wp-content\/uploads\/2019\/05\/Max_Videoskulptur-1024x768.jpg\" alt=\"\" data-id=\"742\" data-link=\"http:\/\/www.annette-weber-allendorf.com\/?attachment_id=742\" class=\"wp-image-742\" srcset=\"https:\/\/annette-weber-allendorf.com\/wp-content\/uploads\/2019\/05\/Max_Videoskulptur-1024x768.jpg 1024w, https:\/\/annette-weber-allendorf.com\/wp-content\/uploads\/2019\/05\/Max_Videoskulptur-300x225.jpg 300w, https:\/\/annette-weber-allendorf.com\/wp-content\/uploads\/2019\/05\/Max_Videoskulptur-768x576.jpg 768w, https:\/\/annette-weber-allendorf.com\/wp-content\/uploads\/2019\/05\/Max_Videoskulptur-960x720.jpg 960w\" sizes=\"(max-width: 1024px) 100vw, 1024px\" \/><\/figure><\/li><li class=\"blocks-gallery-item\"><figure><img decoding=\"async\" width=\"1024\" height=\"768\" src=\"http:\/\/www.annette-weber-allendorf.com\/wp-content\/uploads\/2019\/05\/Max-1024x768.jpg\" alt=\"\" data-id=\"741\" data-link=\"http:\/\/www.annette-weber-allendorf.com\/?attachment_id=741\" class=\"wp-image-741\" srcset=\"https:\/\/annette-weber-allendorf.com\/wp-content\/uploads\/2019\/05\/Max-1024x768.jpg 1024w, https:\/\/annette-weber-allendorf.com\/wp-content\/uploads\/2019\/05\/Max-300x225.jpg 300w, https:\/\/annette-weber-allendorf.com\/wp-content\/uploads\/2019\/05\/Max-768x576.jpg 768w, https:\/\/annette-weber-allendorf.com\/wp-content\/uploads\/2019\/05\/Max-960x720.jpg 960w\" sizes=\"(max-width: 1024px) 100vw, 1024px\" \/><\/figure><\/li><li class=\"blocks-gallery-item\"><figure><img decoding=\"async\" width=\"1002\" height=\"701\" src=\"http:\/\/www.annette-weber-allendorf.com\/wp-content\/uploads\/2019\/05\/Manu-sitzt_05.jpg\" alt=\"\" data-id=\"740\" data-link=\"http:\/\/www.annette-weber-allendorf.com\/?attachment_id=740\" class=\"wp-image-740\" srcset=\"https:\/\/annette-weber-allendorf.com\/wp-content\/uploads\/2019\/05\/Manu-sitzt_05.jpg 1002w, https:\/\/annette-weber-allendorf.com\/wp-content\/uploads\/2019\/05\/Manu-sitzt_05-300x210.jpg 300w, https:\/\/annette-weber-allendorf.com\/wp-content\/uploads\/2019\/05\/Manu-sitzt_05-768x537.jpg 768w, https:\/\/annette-weber-allendorf.com\/wp-content\/uploads\/2019\/05\/Manu-sitzt_05-960x672.jpg 960w\" sizes=\"(max-width: 1002px) 100vw, 1002px\" \/><\/figure><\/li><li class=\"blocks-gallery-item\"><figure><img loading=\"lazy\" decoding=\"async\" width=\"1024\" height=\"768\" src=\"http:\/\/www.annette-weber-allendorf.com\/wp-content\/uploads\/2019\/05\/Froschschaukelschenkel2-1024x768.jpg\" alt=\"\" data-id=\"739\" data-link=\"http:\/\/www.annette-weber-allendorf.com\/?attachment_id=739\" class=\"wp-image-739\" srcset=\"https:\/\/annette-weber-allendorf.com\/wp-content\/uploads\/2019\/05\/Froschschaukelschenkel2-1024x768.jpg 1024w, https:\/\/annette-weber-allendorf.com\/wp-content\/uploads\/2019\/05\/Froschschaukelschenkel2-300x225.jpg 300w, https:\/\/annette-weber-allendorf.com\/wp-content\/uploads\/2019\/05\/Froschschaukelschenkel2-768x576.jpg 768w, https:\/\/annette-weber-allendorf.com\/wp-content\/uploads\/2019\/05\/Froschschaukelschenkel2-960x720.jpg 960w\" sizes=\"(max-width: 1024px) 100vw, 1024px\" \/><\/figure><\/li><li class=\"blocks-gallery-item\"><figure><img loading=\"lazy\" decoding=\"async\" width=\"1024\" height=\"768\" src=\"http:\/\/www.annette-weber-allendorf.com\/wp-content\/uploads\/2019\/05\/Frosch-Paul-Detail-video-1024x768.jpg\" alt=\"\" data-id=\"738\" data-link=\"http:\/\/www.annette-weber-allendorf.com\/?attachment_id=738\" class=\"wp-image-738\" srcset=\"https:\/\/annette-weber-allendorf.com\/wp-content\/uploads\/2019\/05\/Frosch-Paul-Detail-video-1024x768.jpg 1024w, https:\/\/annette-weber-allendorf.com\/wp-content\/uploads\/2019\/05\/Frosch-Paul-Detail-video-300x225.jpg 300w, https:\/\/annette-weber-allendorf.com\/wp-content\/uploads\/2019\/05\/Frosch-Paul-Detail-video-768x576.jpg 768w, https:\/\/annette-weber-allendorf.com\/wp-content\/uploads\/2019\/05\/Frosch-Paul-Detail-video-960x720.jpg 960w\" sizes=\"(max-width: 1024px) 100vw, 1024px\" \/><\/figure><\/li><li class=\"blocks-gallery-item\"><figure><img loading=\"lazy\" decoding=\"async\" width=\"1024\" height=\"768\" src=\"http:\/\/www.annette-weber-allendorf.com\/wp-content\/uploads\/2019\/05\/Frosch-Paul-1024x768.jpg\" alt=\"\" data-id=\"737\" data-link=\"http:\/\/www.annette-weber-allendorf.com\/?attachment_id=737\" class=\"wp-image-737\" srcset=\"https:\/\/annette-weber-allendorf.com\/wp-content\/uploads\/2019\/05\/Frosch-Paul-1024x768.jpg 1024w, https:\/\/annette-weber-allendorf.com\/wp-content\/uploads\/2019\/05\/Frosch-Paul-300x225.jpg 300w, https:\/\/annette-weber-allendorf.com\/wp-content\/uploads\/2019\/05\/Frosch-Paul-768x576.jpg 768w, https:\/\/annette-weber-allendorf.com\/wp-content\/uploads\/2019\/05\/Frosch-Paul-960x720.jpg 960w\" sizes=\"(max-width: 1024px) 100vw, 1024px\" \/><\/figure><\/li><li class=\"blocks-gallery-item\"><figure><img loading=\"lazy\" decoding=\"async\" width=\"1024\" height=\"768\" src=\"http:\/\/www.annette-weber-allendorf.com\/wp-content\/uploads\/2019\/05\/Frosch-Al-mit-Schraubstock-1024x768.jpg\" alt=\"\" data-id=\"736\" data-link=\"http:\/\/www.annette-weber-allendorf.com\/?attachment_id=736\" class=\"wp-image-736\" srcset=\"https:\/\/annette-weber-allendorf.com\/wp-content\/uploads\/2019\/05\/Frosch-Al-mit-Schraubstock-1024x768.jpg 1024w, https:\/\/annette-weber-allendorf.com\/wp-content\/uploads\/2019\/05\/Frosch-Al-mit-Schraubstock-300x225.jpg 300w, https:\/\/annette-weber-allendorf.com\/wp-content\/uploads\/2019\/05\/Frosch-Al-mit-Schraubstock-768x576.jpg 768w, https:\/\/annette-weber-allendorf.com\/wp-content\/uploads\/2019\/05\/Frosch-Al-mit-Schraubstock-960x720.jpg 960w\" sizes=\"(max-width: 1024px) 100vw, 1024px\" \/><\/figure><\/li><\/ul>\n\t\t\t\t\t\t\t\t<\/div>\n\t\t\t\t\t<\/div>\n\t\t<\/div>\n\t\t\t\t\t<\/div>\n\t\t<\/section>\n\t\t\t\t<section class=\"elementor-section elementor-top-section elementor-element elementor-element-51b137e elementor-section-boxed elementor-section-height-default elementor-section-height-default\" data-id=\"51b137e\" data-element_type=\"section\" data-e-type=\"section\">\n\t\t\t\t\t\t<div class=\"elementor-container elementor-column-gap-default\">\n\t\t\t\t\t<div class=\"elementor-column elementor-col-100 elementor-top-column elementor-element elementor-element-8340580\" data-id=\"8340580\" data-element_type=\"column\" data-e-type=\"column\">\n\t\t\t<div class=\"elementor-widget-wrap elementor-element-populated\">\n\t\t\t\t\t\t<div class=\"elementor-element elementor-element-429b404 elementor-widget elementor-widget-text-editor\" data-id=\"429b404\" data-element_type=\"widget\" data-e-type=\"widget\" data-widget_type=\"text-editor.default\">\n\t\t\t\t\t\t\t\t\t<p><strong>Vernissage Annette Weber, \u201eFroschsprung\u201c, 23. September 2016,<\/strong><br \/><strong>Buch \u2013 Kunst \u2013 Galerie J\u00e4ger Langenargen<\/strong><\/p>\n<p>\u00a0<\/p>\n<p>\u00a0<\/p>\n<p>Die Natur spiegelt die Seele \u2013 zum Beispiel im Haiku, jenem k\u00fcrzesten aller Gedichte\u00a0japanischen Ursprungs. Ein Moment, verbunden mit Wahrnehmungen und Gef\u00fchlen,\u00a0mit Seelenzust\u00e4nden \u2013 verschl\u00fcsselt in einem poetischen Bild, der Natur entliehen\u00a0<\/p>\n<p>Der alte Teich\u00a0<\/p>\n<p>Ein Frosch springt hinein<br \/>das Ger\u00e4usch des Wassers<br \/>Basho<br \/>So poetisch und uneindeutig wie dieses Haiku aus dem 17. Jahrhundert, das Sie\u00a0\u00fcbrigens auch in den kleinen Katalog finden, der heute Abend erstmals vorgestellt\u00a0wird, sind Annette Webers Fr\u00f6sche. Bis zum 5. November zeigt sie ihre besonderen,\u00a0t\u00f6nernen \u2013 und bisweilen auch t\u00f6nenden &#8211; Lurche hier bei Inge J\u00e4ger in diesem\u00a0literarischen, geistig aufgeschlossenen Umfeld, das gut zu Annette Webers Arbeit\u00a0passt. Denn auch Annette Weber setzt sich immer wieder und immer wieder neu\u00a0auseinander mit ihrem Motiv, das sie bereits seit vielen Jahren begleitet. Literatur,\u00a0\u00d6kologie, Physiologie, Hirnforschung, die Symbolik unterschiedlicher Kulturen und\u00a0Religionen \u2013 viele Br\u00fccken zwischen diesen Inhalten und dem Froschmotiv entdeckt\u00a0sie, spannt sie auf und sichert sie, indem sie Aspekte und Bez\u00fcge mehr oder weniger\u00a0bewusst in ihre Skulpturen herein formuliert.<br \/>Zum Beispiel: das Springen\u00a0<\/p>\n<p>Der Froschsprung ist einmalig, physiologisch, so hat die Bildhauerin gefunden,\u00a0beinahe nicht m\u00f6glich. Aber das Unm\u00f6gliche findet statt, jeden Tag an den T\u00fcmpeln\u00a0und Teichen, in denen diese amphibischen Wesen, die sich zwischen Wasser und<br \/>Land bewegen, leben. Wir kennen \u2013 ich weise nur zur\u00fcck auf das kleine Gedicht von\u00a0Basho \u2013 dieses charakteristische etwas matschige Plopp, das der Sprung ins Wasser\u00a0auf der Flucht vor uns erzeugt. Es ist kein Platsch, kein Aufspritzen, sondern eben\u00a0dieses besondere kleine Ger\u00e4usch, das uns oftmals Leben zeigt, wo wir es noch gar\u00a0nicht wahrgenommen hatten. So unspektakul\u00e4r wie der vermeintlich unm\u00f6gliche\u00a0kleine Sprung des Frosches.\u00a0Und eben das Springen, unser hilfloses Nachahmen des Frosches, macht, dass das\u00a0Gehirn des Menschen besonders gut funktioniert, stimuliert wird. Es soll manchmal\u00a0Migr\u00e4nen oder auch Depressionen vertreiben. Und was macht Annette Weber\u00a0daraus? Einen ganz klitzekleinen Film, den Sie entdecken k\u00f6nnen, wenn Sie dem\u00a0richtigen Frosch tief in die Augen blicken. So spielerisch und doch ernsthaft, so\u00a0munter und doch sehr nachdenklich.\u00a0<\/p>\n<p>Spiel und Ernst, Munterkeit und Nachdenklichkeit \u2013 das sind f\u00fcr mich die\u00a0zusammenfassenden Attribute \u00fcber all diesen \u201edicken, herrlichen Gesch\u00f6pfen\u201c. So\u00a0hat Annettes Webers einstige Deutschlehrerin sie genannt in ihrem Katalog-Text.<\/p>\n<p>Und diese Korrelation aus Spiel und Ernst formuliert meines Erachtens ein Vierzeiler\u00a0von der im KZ ermordeten Gertrud Kolmar, den Helga Mosler, eben jene Deutschlehrerin, f\u00fcr Annette gefunden hat.<br \/><br \/><\/p>\n<p>Ich habe einen kleinen Frosch gesehen,<br \/>Ein gr\u00fcnes Fr\u00f6schlein auf dem dunklen Blatt.<br \/>Es weilte, wohl von Schmaus und Springen satt,<br \/>Ganz kindernackt, mit Augen, die verstehen.<\/p>\n<p><br \/>Ein gr\u00fcnes Fr\u00f6schlein, vom Springen und Schmausen satt, hockt da, \u201eauf dem\u00a0dunklen Blatt\u201c, das vielleicht nichts Gutes verhei\u00dft. Ruhig und unschuldig wie ein\u00a0Kind \u2013 aber mit Augen, die verstehen. Augen, die die fr\u00fche Reife sehend macht, die<br \/>wissen, die durchschauen \u2013 was auch immer: uns, die bedrohliche Welt, das nicht\u00a0immer ganz einfache Leben. Die Weisheit der Unschuld \u2013 die Unschuld der Weisheit.<br \/>Spiel und Ernst, Munterkeit und Nachdenklichkeit.<br \/>Als Begleiter von Hexen, als Symbol der Auferstehung, als Froschk\u00f6nig im M\u00e4rchen,\u00a0als Indikator f\u00fcr die Versehrtheit der Natur und so fort nimmt Annette den Frosch\u00a0ernst, sp\u00fcrt ihm nach, kommt ihm auf die Schliche. Und doch hat man das Gef\u00fchl,\u00a0dass sie keine endg\u00fcltige Deutung, keine finale Antwort findet auf all die Fragen, die\u00a0das Motiv an sie richtet. Sie bleibt offen und kann deshalb auch so \u00fcberzeugend so\u00a0lange an diesem Motiv sich abarbeiten.<\/p>\n<p>Annette Weber enthebt die Fr\u00f6sche, die tats\u00e4chlich biologische Vorbilder haben,\u00a0ihres Naturalismus. Sie w\u00e4hlt f\u00fcr den keramischen Ton die Kugel als Grundform.\u00a0Diese Idealform, die Vollkommenheit und im Zen-Buddhismus Heiligkeit, auch Kern\u00a0und Ursprung impliziert, wird zur geballten Energie. Man beachte \u2013 dies nur nebenbei\u00a0\u2013 das Wort Ball in diesem Wort f\u00fcr eine besondere Konzentration, die explosiv aus\u00a0sich heraus sprengen kann. Man denke an die geballte Faust, die Aggression in sich\u00a0birgt, die ausfahren kann, um zu verletzen. Energisch, wie der Frosch seinen Sprung\u00a0setzt. Annette Webers Fr\u00f6sche aber springen gar nicht, sondern sie hocken, im\u00a0Grunde kurz vor der Explosion.\u00a0Energie setzt die Bildhauerin ein, wenn sie ihre Fr\u00f6sche formt. Tonlappen werden um\u00a0Tonlappen gelegt, mit den H\u00e4nden, ja mit gro\u00dfen H\u00f6lzern geklopft, verdichtet. \u201eDu\u00a0brauchst einen Ton, der viel aush\u00e4lt\u201c, hat sie mir in ihrem Atelier erz\u00e4hlt, \u201eeinen<br \/>Bauton.\u201c Er wird Schicht auf Schicht verlegt, mit Kraft verdichtet, gespannt. Die\u00a0Bildhauerin \u00fcbertr\u00e4gt ganz archaisch ihre Kraft auf diese Wesen, die diese in sich\u00a0aufnehmen und &#8212; zusammen ballen &#8212;.<br \/>Anatomische, doch stark stilisierte Details werden zugef\u00fcgt, die Schenkel, die\u00a0aufgesetzten Augen. Die Kugel wird f\u00fcr die breiten M\u00e4uler verletzt, ge\u00f6ffnet. Jeder\u00a0Frosch erh\u00e4lt seinen besonderen Ausdruck, Bilder f\u00fcr Stimmungen und Situationen,<br \/>verdichtet wie jene kleinen Naturgedichte. Und dann brennt die Bildhauerin diese\u00a0werdenden Gesch\u00f6pfe mehrfach bei mehr als tausend Grad, legt lasierend, also\u00a0Schicht auf Schicht Engoben auf, farbige Tone. Schlie\u00dflich darf ihre Tochter Hannah\u00a0ran. Hannah arbeitet in die Oberfl\u00e4chen ornamentale Muster ein, akribisch,\u00a0detailverliebt, konzentriert und fein. Muster, die man seit Menschengedenken kennt,\u00a0auf alten orientalischen Gef\u00e4\u00dfen und Fassaden so oder variiert sieht wie auch auf\u00a0bronzezeitlichen Metallarbeiten, die man in den Relikten der Pfahlbaukultur entdeckt.\u00a0Diese Archaik des Materials, der Verarbeitung, der Verzierung trifft nun auf moderne\u00a0Technik in Form der kleinen Filme auf iPhones, die aus manchen Fr\u00f6schen\u00a0flimmern. Sprung und Versammlung, Stille und Ger\u00e4usch \u2013 das moderne Medium,\u00a0das in diesem Fall nicht hochgetrimmt ist, sondern sehr klein und bescheiden\u00a0entdeckt werden will, reflektiert die Aussage der Fr\u00f6sche: geballte Energie, Spiel und\u00a0Ernst, Munterkeit und Nachdenklichkeit. Aufgezeichnet und \u2013 eine\u00a0Familienangelegenheit \u2013 nach den Ideen der K\u00fcnstlerin von ihrem Sohn Max\u00a0geschnitten.<\/p>\n<p>\u00a0<\/p>\n<p>Er sieht mich an, der Frosch &#8211;<br \/>Aber was macht er<br \/>f\u00fcr ein Gesicht?<br \/><br \/><\/p>\n<p>Mit diesem Haiku des japanischen Dichters Issa (geboren in der zweiten H\u00e4lfte des\u00a018. Jahrhunderts) m\u00f6chte ich Sie nun einladen, diesen Fr\u00f6schen, diesen \u201edicken,\u00a0herrlichen Gesch\u00f6pfen\u201c, ins Gesicht und tief in die Augen zu schauen. Lassen Sie\u00a0sich mitnehmen von ihrer Mimik, ihrer satten Physiognomie, ihrer Archaik und ihrem\u00a0Tiefsinn. Sp\u00fcren Sie ihre Energie, die doch die der K\u00fcnstlerin ist. Lassen Sie Spiel\u00a0und Ernst gemeinsam wirken, Widerspr\u00fcche gelten.<br \/>Die Natur spiegelt die Seele.<br \/>Diese Fr\u00f6sche spiegeln Seelen, wenn Sie, die Betrachter, das wollen und zulassen.<br \/>Vielen Dank!<\/p>\n<h6>\u00a9 Dr. Friederike Lutz<br \/>Friedrichshafen, im September 2016<\/h6>\t\t\t\t\t\t\t\t<\/div>\n\t\t\t\t\t<\/div>\n\t\t<\/div>\n\t\t\t\t\t<\/div>\n\t\t<\/section>\n\t\t\t\t<\/div>\n\t\t","protected":false},"excerpt":{"rendered":"<p>Vernissage Annette Weber, \u201eFroschsprung\u201c, 23. September 2016,Buch \u2013 Kunst \u2013 Galerie J\u00e4ger Langenargen \u00a0 \u00a0 Die Natur spiegelt die Seele \u2013 zum Beispiel im Haiku, jenem k\u00fcrzesten aller Gedichte\u00a0japanischen Ursprungs. Ein Moment, verbunden mit Wahrnehmungen und Gef\u00fchlen,\u00a0mit Seelenzust\u00e4nden \u2013 verschl\u00fcsselt in einem poetischen Bild, der Natur entliehen\u00a0 Der alte Teich\u00a0 Ein Frosch springt hineindas Ger\u00e4usch [&hellip;]<\/p>\n","protected":false},"author":1,"featured_media":0,"parent":20,"menu_order":0,"comment_status":"closed","ping_status":"closed","template":"","meta":{"ocean_post_layout":"","ocean_both_sidebars_style":"","ocean_both_sidebars_content_width":0,"ocean_both_sidebars_sidebars_width":0,"ocean_sidebar":"","ocean_second_sidebar":"","ocean_disable_margins":"enable","ocean_add_body_class":"","ocean_shortcode_before_top_bar":"","ocean_shortcode_after_top_bar":"","ocean_shortcode_before_header":"","ocean_shortcode_after_header":"","ocean_has_shortcode":"","ocean_shortcode_after_title":"","ocean_shortcode_before_footer_widgets":"","ocean_shortcode_after_footer_widgets":"","ocean_shortcode_before_footer_bottom":"","ocean_shortcode_after_footer_bottom":"","ocean_display_top_bar":"default","ocean_display_header":"default","ocean_header_style":"","ocean_center_header_left_menu":"","ocean_custom_header_template":"","ocean_custom_logo":0,"ocean_custom_retina_logo":0,"ocean_custom_logo_max_width":0,"ocean_custom_logo_tablet_max_width":0,"ocean_custom_logo_mobile_max_width":0,"ocean_custom_logo_max_height":0,"ocean_custom_logo_tablet_max_height":0,"ocean_custom_logo_mobile_max_height":0,"ocean_header_custom_menu":"","ocean_menu_typo_font_family":"","ocean_menu_typo_font_subset":"","ocean_menu_typo_font_size":0,"ocean_menu_typo_font_size_tablet":0,"ocean_menu_typo_font_size_mobile":0,"ocean_menu_typo_font_size_unit":"px","ocean_menu_typo_font_weight":"","ocean_menu_typo_font_weight_tablet":"","ocean_menu_typo_font_weight_mobile":"","ocean_menu_typo_transform":"","ocean_menu_typo_transform_tablet":"","ocean_menu_typo_transform_mobile":"","ocean_menu_typo_line_height":0,"ocean_menu_typo_line_height_tablet":0,"ocean_menu_typo_line_height_mobile":0,"ocean_menu_typo_line_height_unit":"","ocean_menu_typo_spacing":0,"ocean_menu_typo_spacing_tablet":0,"ocean_menu_typo_spacing_mobile":0,"ocean_menu_typo_spacing_unit":"","ocean_menu_link_color":"","ocean_menu_link_color_hover":"","ocean_menu_link_color_active":"","ocean_menu_link_background":"","ocean_menu_link_hover_background":"","ocean_menu_link_active_background":"","ocean_menu_social_links_bg":"","ocean_menu_social_hover_links_bg":"","ocean_menu_social_links_color":"","ocean_menu_social_hover_links_color":"","ocean_disable_title":"default","ocean_disable_heading":"default","ocean_post_title":"","ocean_post_subheading":"","ocean_post_title_style":"","ocean_post_title_background_color":"","ocean_post_title_background":0,"ocean_post_title_bg_image_position":"","ocean_post_title_bg_image_attachment":"","ocean_post_title_bg_image_repeat":"","ocean_post_title_bg_image_size":"","ocean_post_title_height":0,"ocean_post_title_bg_overlay":0.5,"ocean_post_title_bg_overlay_color":"","ocean_disable_breadcrumbs":"default","ocean_breadcrumbs_color":"","ocean_breadcrumbs_separator_color":"","ocean_breadcrumbs_links_color":"","ocean_breadcrumbs_links_hover_color":"","ocean_display_footer_widgets":"default","ocean_display_footer_bottom":"default","ocean_custom_footer_template":"","omw_enable_modal_window":"enable","footnotes":""},"class_list":["post-672","page","type-page","status-publish","hentry","entry"],"_links":{"self":[{"href":"https:\/\/annette-weber-allendorf.com\/index.php?rest_route=\/wp\/v2\/pages\/672","targetHints":{"allow":["GET"]}}],"collection":[{"href":"https:\/\/annette-weber-allendorf.com\/index.php?rest_route=\/wp\/v2\/pages"}],"about":[{"href":"https:\/\/annette-weber-allendorf.com\/index.php?rest_route=\/wp\/v2\/types\/page"}],"author":[{"embeddable":true,"href":"https:\/\/annette-weber-allendorf.com\/index.php?rest_route=\/wp\/v2\/users\/1"}],"replies":[{"embeddable":true,"href":"https:\/\/annette-weber-allendorf.com\/index.php?rest_route=%2Fwp%2Fv2%2Fcomments&post=672"}],"version-history":[{"count":21,"href":"https:\/\/annette-weber-allendorf.com\/index.php?rest_route=\/wp\/v2\/pages\/672\/revisions"}],"predecessor-version":[{"id":3856,"href":"https:\/\/annette-weber-allendorf.com\/index.php?rest_route=\/wp\/v2\/pages\/672\/revisions\/3856"}],"up":[{"embeddable":true,"href":"https:\/\/annette-weber-allendorf.com\/index.php?rest_route=\/wp\/v2\/pages\/20"}],"wp:attachment":[{"href":"https:\/\/annette-weber-allendorf.com\/index.php?rest_route=%2Fwp%2Fv2%2Fmedia&parent=672"}],"curies":[{"name":"wp","href":"https:\/\/api.w.org\/{rel}","templated":true}]}}